{"id":9291,"date":"2025-04-07T15:15:46","date_gmt":"2025-04-07T18:15:46","guid":{"rendered":"https:\/\/www.atlanticacoffee.com\/faqs\/"},"modified":"2025-08-13T11:50:30","modified_gmt":"2025-08-13T14:50:30","slug":"faqs","status":"publish","type":"page","link":"https:\/\/www.atlanticacoffee.com\/en\/faqs\/","title":{"rendered":"FAQ&#8217;s"},"content":{"rendered":"<p>[et_pb_section fb_built=&#8221;1&#8243; custom_padding_last_edited=&#8221;on|desktop&#8221; _builder_version=&#8221;4.25.0&#8243; _module_preset=&#8221;default&#8221; background_image=&#8221;https:\/\/www.atlanticacoffee.com\/wp-content\/uploads\/2025\/02\/background-contato-1.jpg&#8221; custom_padding=&#8221;6em||6em||true|false&#8221; custom_padding_tablet=&#8221;6em||6em||true|false&#8221; custom_padding_phone=&#8221;3em||3em||true|false&#8221; hover_enabled=&#8221;0&#8243; global_colors_info=&#8221;{}&#8221; alt=&#8221;FAQ BG&#8221; title_text=&#8221;FAQ  BG&#8221; sticky_enabled=&#8221;0&#8243;][et_pb_row _builder_version=&#8221;4.25.0&#8243; _module_preset=&#8221;default&#8221; global_colors_info=&#8221;{}&#8221;][et_pb_column type=&#8221;4_4&#8243; _builder_version=&#8221;4.25.0&#8243; _module_preset=&#8221;default&#8221; global_colors_info=&#8221;{}&#8221;][et_pb_text _builder_version=&#8221;4.25.0&#8243; _module_preset=&#8221;default&#8221; header_font=&#8221;Euclid Flex Bold|||on|||||&#8221; header_text_align=&#8221;center&#8221; header_text_color=&#8221;#FFFFFF&#8221; header_font_size=&#8221;74px&#8221; header_font_size_tablet=&#8221;74px&#8221; header_font_size_phone=&#8221;40px&#8221; header_font_size_last_edited=&#8221;on|phone&#8221; global_colors_info=&#8221;{}&#8221;]<\/p>\n<h1>Common<br \/>Questions<\/h1>\n<p>[\/et_pb_text][et_pb_divider color=&#8221;#FFFFFF&#8221; divider_weight=&#8221;3px&#8221; _builder_version=&#8221;4.25.0&#8243; _module_preset=&#8221;default&#8221; width=&#8221;7%&#8221; module_alignment=&#8221;center&#8221; global_colors_info=&#8221;{}&#8221;][\/et_pb_divider][\/et_pb_column][\/et_pb_row][\/et_pb_section][et_pb_section fb_built=&#8221;1&#8243; _builder_version=&#8221;4.25.0&#8243; _module_preset=&#8221;default&#8221; background_color=&#8221;#f5f5f5&#8243; global_colors_info=&#8221;{}&#8221;][et_pb_row column_structure=&#8221;2_5,3_5&#8243; use_custom_gutter=&#8221;on&#8221; gutter_width=&#8221;3&#8243; custom_padding_last_edited=&#8221;on|phone&#8221; _builder_version=&#8221;4.25.0&#8243; _module_preset=&#8221;default&#8221; custom_margin_tablet=&#8221;&#8221; custom_margin_phone=&#8221;0px||||false|false&#8221; custom_margin_last_edited=&#8221;on|phone&#8221; custom_padding_tablet=&#8221;&#8221; custom_padding_phone=&#8221;0px||||false|false&#8221; global_colors_info=&#8221;{}&#8221;][et_pb_column type=&#8221;2_5&#8243; _builder_version=&#8221;4.25.0&#8243; _module_preset=&#8221;default&#8221; global_colors_info=&#8221;{}&#8221;][et_pb_text _builder_version=&#8221;4.25.0&#8243; _module_preset=&#8221;default&#8221; header_2_font=&#8221;Euclid Flex Bold|||||on|||&#8221; header_2_text_align=&#8221;right&#8221; header_2_text_color=&#8221;#00A887&#8243; header_2_font_size=&#8221;56px&#8221; header_2_line_height=&#8221;0.6em&#8221; custom_margin=&#8221;||13px|||&#8221; custom_margin_tablet=&#8221;||13px|||&#8221; custom_margin_phone=&#8221;||13px|||&#8221; custom_margin_last_edited=&#8221;on|phone&#8221; custom_padding_tablet=&#8221;&#8221; custom_padding_phone=&#8221;&#8221; custom_padding_last_edited=&#8221;on|phone&#8221; header_2_text_align_tablet=&#8221;right&#8221; header_2_text_align_phone=&#8221;center&#8221; header_2_text_align_last_edited=&#8221;on|phone&#8221; global_colors_info=&#8221;{}&#8221;]<\/p>\n<h2>SOME<\/h2>\n<h2>DOUBTS<\/h2>\n<p>[\/et_pb_text][et_pb_divider divider_weight=&#8221;5px&#8221; divider_weight_tablet=&#8221;3px&#8221; divider_weight_phone=&#8221;3px&#8221; divider_weight_last_edited=&#8221;on|phone&#8221; _builder_version=&#8221;4.25.0&#8243; _module_preset=&#8221;default&#8221; width=&#8221;13%&#8221; width_tablet=&#8221;7%&#8221; width_phone=&#8221;22%&#8221; width_last_edited=&#8221;on|phone&#8221; module_alignment=&#8221;right&#8221; module_alignment_tablet=&#8221;right&#8221; module_alignment_phone=&#8221;center&#8221; module_alignment_last_edited=&#8221;on|phone&#8221; global_colors_info=&#8221;{}&#8221;][\/et_pb_divider][\/et_pb_column][et_pb_column type=&#8221;3_5&#8243; _builder_version=&#8221;4.25.0&#8243; _module_preset=&#8221;default&#8221; global_colors_info=&#8221;{}&#8221;][et_pb_text _builder_version=&#8221;4.25.0&#8243; _module_preset=&#8221;default&#8221; header_3_font=&#8221;Euclid Flex Bold||||||||&#8221; header_3_text_color=&#8221;#00A887&#8243; custom_margin=&#8221;||6px|||&#8221; global_colors_info=&#8221;{}&#8221;]<\/p>\n<h3>What is Atlantica Coffee?<\/h3>\n<p>[\/et_pb_text][et_pb_text _builder_version=&#8221;4.25.0&#8243; _module_preset=&#8221;default&#8221; text_font=&#8221;Euclid Flex Regular||||||||&#8221; text_text_color=&#8221;#777777&#8243; text_font_size=&#8221;16px&#8221; text_orientation=&#8221;justified&#8221; custom_padding_tablet=&#8221;&#8221; custom_padding_phone=&#8221;||15px||false|false&#8221; custom_padding_last_edited=&#8221;on|phone&#8221; global_colors_info=&#8221;{}&#8221;]<\/p>\n<p>As a company interlinked to the Montesanto Tavares Group, Atlantica Coffee trades and exports Arabica green coffee beans.<\/p>\n<p>The company is located in the state of Minas Gerais, the largest coffee producer in Brazil, as acknowledged by Associa\u00e7\u00e3o Brasileira da Ind\u00fastria do Caf\u00e9 (ABIC) \u2013 The Brazilian Coffee Industry Association.<\/p>\n<p>[\/et_pb_text][et_pb_divider color=&#8221;#e5e5e5&#8243; _builder_version=&#8221;4.25.0&#8243; _module_preset=&#8221;default&#8221; custom_margin=&#8221;||-2px|||&#8221; global_colors_info=&#8221;{}&#8221;][\/et_pb_divider][et_pb_text _builder_version=&#8221;4.25.0&#8243; _module_preset=&#8221;default&#8221; header_3_font=&#8221;Euclid Flex Bold||||||||&#8221; header_3_text_color=&#8221;#00A887&#8243; custom_margin=&#8221;||3px|||&#8221; global_colors_info=&#8221;{}&#8221;]<\/p>\n<h3>Where Atlantica Coffee is?<\/h3>\n<p>[\/et_pb_text][et_pb_text _builder_version=&#8221;4.25.0&#8243; _module_preset=&#8221;default&#8221; text_font=&#8221;Euclid Flex Regular||||||||&#8221; text_text_color=&#8221;#777777&#8243; text_font_size=&#8221;16px&#8221; text_orientation=&#8221;justified&#8221; custom_padding_tablet=&#8221;&#8221; custom_padding_phone=&#8221;||15px||false|false&#8221; custom_padding_last_edited=&#8221;on|phone&#8221; global_colors_info=&#8221;{}&#8221;]<\/p>\n<p>Atlantica Coffee has 4 Origination offices. They\u00b4re: <\/p>\n<p>\u2022 Varginha: in charge of the Cerrado region coffee origination, Alta Mogiana Paulista and the South of Minas Gerais<\/p>\n<p>\u2022 Manhua\u00e7u (MG);<\/p>\n<p>\u2022 Alto de Jequitib\u00e1 (MG);<\/p>\n<p>\u2022 Capara\u00f3 (MG).<\/p>\n<p>[\/et_pb_text][et_pb_divider color=&#8221;#e5e5e5&#8243; _builder_version=&#8221;4.25.0&#8243; _module_preset=&#8221;default&#8221; custom_margin=&#8221;||2px|||&#8221; global_colors_info=&#8221;{}&#8221;][\/et_pb_divider][et_pb_text _builder_version=&#8221;4.25.0&#8243; _module_preset=&#8221;default&#8221; header_3_font=&#8221;Euclid Flex Bold||||||||&#8221; header_3_text_color=&#8221;#00A887&#8243; custom_margin=&#8221;||2px|||&#8221; global_colors_info=&#8221;{}&#8221;]<\/p>\n<h3>How can I obtain a quote or get in touch?<\/h3>\n<p>[\/et_pb_text][et_pb_text _builder_version=&#8221;4.25.0&#8243; _module_preset=&#8221;default&#8221; text_font=&#8221;Euclid Flex Regular||||||||&#8221; text_text_color=&#8221;#777777&#8243; text_font_size=&#8221;16px&#8221; text_orientation=&#8221;justified&#8221; custom_padding_tablet=&#8221;&#8221; custom_padding_phone=&#8221;||15px||false|false&#8221; custom_padding_last_edited=&#8221;on|phone&#8221; global_colors_info=&#8221;{}&#8221;]<\/p>\n<p>We are available for quotations and questions from Monday to Friday, 8 am to 6pm, Bras\u00edlia time (GMT -3).<\/p>\n<p>Our contacts are:<\/p>\n<p>+55 (31) 3308-6200<br \/>+55 (31) 3308-6201<br \/>+55 (31) 3308-6202<\/p>\n<p>WhatsApp: +55 (31) 98258-7114<\/p>\n<p>[\/et_pb_text][et_pb_divider color=&#8221;#e5e5e5&#8243; _builder_version=&#8221;4.25.0&#8243; _module_preset=&#8221;default&#8221; custom_margin=&#8221;||2px|||&#8221; global_colors_info=&#8221;{}&#8221;][\/et_pb_divider][et_pb_text _builder_version=&#8221;4.25.0&#8243; _module_preset=&#8221;default&#8221; header_3_font=&#8221;Euclid Flex Bold||||||||&#8221; header_3_text_color=&#8221;#00A887&#8243; custom_margin=&#8221;||-3px|||&#8221; global_colors_info=&#8221;{}&#8221;]<\/p>\n<h3>Type your other question here<\/h3>\n<p>[\/et_pb_text][et_pb_text _builder_version=&#8221;4.25.0&#8243; _module_preset=&#8221;default&#8221; text_font=&#8221;Euclid Flex Regular||||||||&#8221; text_text_color=&#8221;#777777&#8243; text_font_size=&#8221;16px&#8221; text_orientation=&#8221;justified&#8221; custom_margin=&#8221;||14px|||&#8221; global_colors_info=&#8221;{}&#8221;]<\/p>\n<p>Send a message to us using the form below.<\/p>\n<p>[\/et_pb_text][dvppl_cf7_styler form_bg=&#8221;#FFFFFF&#8221; form_padding=&#8221;21px|33px|13px|33px|false|true&#8221; cf7=&#8221;196&#8243; form_field_height=&#8221;44px&#8221; form_background_color=&#8221;#FFFFFF&#8221; form_field_spacing=&#8221;15px&#8221; cr_custom_styles=&#8221;on&#8221; form_padding_tablet=&#8221;3px||0px|33px|false|false&#8221; form_padding_phone=&#8221;12px|16px|12px|16px|true|true&#8221; form_padding_last_edited=&#8221;on|phone&#8221; _builder_version=&#8221;4.25.0&#8243; _module_preset=&#8221;default&#8221; form_field_font_font=&#8221;Euclid Flex Regular||||||||&#8221; form_field_font_text_color=&#8221;#777777&#8243; form_field_font_font_size=&#8221;14px&#8221; labels_font=&#8221;Euclid Flex Medium||||||||&#8221; labels_text_color=&#8221;#777777&#8243; labels_font_size=&#8221;15px&#8221; placeholder_text_color=&#8221;#777777&#8243; custom_submit_button=&#8221;on&#8221; submit_button_text_color=&#8221;#FFFFFF&#8221; submit_button_bg_color=&#8221;#00A887&#8243; submit_button_border_width=&#8221;0px&#8221; submit_button_font=&#8221;Euclid Flex Medium||||||||&#8221; submit_button_custom_margin=&#8221;11px||11px||true|false&#8221; custom_margin=&#8221;|0px||0px|false|true&#8221; custom_margin_tablet=&#8221;|0px||0px|false|true&#8221; custom_margin_phone=&#8221;0px||0px|0px|true|false&#8221; custom_margin_last_edited=&#8221;on|phone&#8221; custom_padding=&#8221;0px|0px||0px|false|true&#8221; custom_padding_tablet=&#8221;0px|0px||0px|false|true&#8221; custom_padding_phone=&#8221;0px|0px|0px|0px|true|true&#8221; custom_padding_last_edited=&#8221;on|phone&#8221; border_radii=&#8221;on|8px|8px|8px|8px&#8221; border_radii_field=&#8221;on|6px|6px|6px|6px&#8221; global_colors_info=&#8221;{}&#8221;][\/dvppl_cf7_styler][\/et_pb_column][\/et_pb_row][\/et_pb_section]<\/p>\n","protected":false},"excerpt":{"rendered":"<p>CommonQuestionsSOME DOUBTSWhat is Atlantica Coffee?As a company interlinked to the Montesanto Tavares Group, Atlantica Coffee trades and exports Arabica green coffee beans. The company is located in the state of Minas Gerais, the largest coffee producer in Brazil, as acknowledged by Associa\u00e7\u00e3o Brasileira da Ind\u00fastria do Caf\u00e9 (ABIC) \u2013 The Brazilian Coffee Industry Association.Where Atlantica [&hellip;]<\/p>\n","protected":false},"author":3,"featured_media":0,"parent":0,"menu_order":0,"comment_status":"closed","ping_status":"closed","template":"","meta":{"_et_pb_use_builder":"on","_et_pb_old_content":"","_et_gb_content_width":"","footnotes":""},"class_list":["post-9291","page","type-page","status-publish","hentry"],"yoast_head":"<!-- This site is optimized with the Yoast SEO plugin v27.4 - https:\/\/yoast.com\/product\/yoast-seo-wordpress\/ -->\n<title>FAQ&#039;s - Atlantica Coffee<\/title>\n<meta name=\"robots\" content=\"index, follow, max-snippet:-1, max-image-preview:large, max-video-preview:-1\" \/>\n<link rel=\"canonical\" href=\"https:\/\/www.atlanticacoffee.com\/en\/faqs\/\" \/>\n<meta property=\"og:locale\" content=\"en_US\" \/>\n<meta property=\"og:type\" content=\"article\" \/>\n<meta property=\"og:title\" content=\"FAQ&#039;s - Atlantica Coffee\" \/>\n<meta property=\"og:description\" content=\"CommonQuestionsSOME DOUBTSWhat is Atlantica Coffee?As a company interlinked to the Montesanto Tavares Group, Atlantica Coffee trades and exports Arabica green coffee beans. The company is located in the state of Minas Gerais, the largest coffee producer in Brazil, as acknowledged by Associa\u00e7\u00e3o Brasileira da Ind\u00fastria do Caf\u00e9 (ABIC) \u2013 The Brazilian Coffee Industry Association.Where Atlantica [&hellip;]\" \/>\n<meta property=\"og:url\" content=\"https:\/\/www.atlanticacoffee.com\/en\/faqs\/\" \/>\n<meta property=\"og:site_name\" content=\"Atlantica Coffee\" \/>\n<meta property=\"article:modified_time\" content=\"2025-08-13T14:50:30+00:00\" \/>\n<meta name=\"twitter:card\" content=\"summary_large_image\" \/>\n<meta name=\"twitter:label1\" content=\"Est. reading time\" \/>\n\t<meta name=\"twitter:data1\" content=\"5 minutes\" \/>\n<script type=\"application\/ld+json\" class=\"yoast-schema-graph\">{\"@context\":\"https:\\\/\\\/schema.org\",\"@graph\":[{\"@type\":\"WebPage\",\"@id\":\"https:\\\/\\\/www.atlanticacoffee.com\\\/en\\\/faqs\\\/\",\"url\":\"https:\\\/\\\/www.atlanticacoffee.com\\\/en\\\/faqs\\\/\",\"name\":\"FAQ's - Atlantica Coffee\",\"isPartOf\":{\"@id\":\"https:\\\/\\\/www.atlanticacoffee.com\\\/en\\\/#website\"},\"datePublished\":\"2025-04-07T18:15:46+00:00\",\"dateModified\":\"2025-08-13T14:50:30+00:00\",\"breadcrumb\":{\"@id\":\"https:\\\/\\\/www.atlanticacoffee.com\\\/en\\\/faqs\\\/#breadcrumb\"},\"inLanguage\":\"en-US\",\"potentialAction\":[{\"@type\":\"ReadAction\",\"target\":[\"https:\\\/\\\/www.atlanticacoffee.com\\\/en\\\/faqs\\\/\"]}]},{\"@type\":\"BreadcrumbList\",\"@id\":\"https:\\\/\\\/www.atlanticacoffee.com\\\/en\\\/faqs\\\/#breadcrumb\",\"itemListElement\":[{\"@type\":\"ListItem\",\"position\":1,\"name\":\"Home\",\"item\":\"https:\\\/\\\/www.atlanticacoffee.com\\\/en\\\/\"},{\"@type\":\"ListItem\",\"position\":2,\"name\":\"FAQ&#8217;s\"}]},{\"@type\":\"WebSite\",\"@id\":\"https:\\\/\\\/www.atlanticacoffee.com\\\/en\\\/#website\",\"url\":\"https:\\\/\\\/www.atlanticacoffee.com\\\/en\\\/\",\"name\":\"Atlantica Coffee\",\"description\":\"\",\"potentialAction\":[{\"@type\":\"SearchAction\",\"target\":{\"@type\":\"EntryPoint\",\"urlTemplate\":\"https:\\\/\\\/www.atlanticacoffee.com\\\/en\\\/?s={search_term_string}\"},\"query-input\":{\"@type\":\"PropertyValueSpecification\",\"valueRequired\":true,\"valueName\":\"search_term_string\"}}],\"inLanguage\":\"en-US\"}]}<\/script>\n<!-- \/ Yoast SEO plugin. -->","yoast_head_json":{"title":"FAQ's - Atlantica Coffee","robots":{"index":"index","follow":"follow","max-snippet":"max-snippet:-1","max-image-preview":"max-image-preview:large","max-video-preview":"max-video-preview:-1"},"canonical":"https:\/\/www.atlanticacoffee.com\/en\/faqs\/","og_locale":"en_US","og_type":"article","og_title":"FAQ's - Atlantica Coffee","og_description":"CommonQuestionsSOME DOUBTSWhat is Atlantica Coffee?As a company interlinked to the Montesanto Tavares Group, Atlantica Coffee trades and exports Arabica green coffee beans. The company is located in the state of Minas Gerais, the largest coffee producer in Brazil, as acknowledged by Associa\u00e7\u00e3o Brasileira da Ind\u00fastria do Caf\u00e9 (ABIC) \u2013 The Brazilian Coffee Industry Association.Where Atlantica [&hellip;]","og_url":"https:\/\/www.atlanticacoffee.com\/en\/faqs\/","og_site_name":"Atlantica Coffee","article_modified_time":"2025-08-13T14:50:30+00:00","twitter_card":"summary_large_image","twitter_misc":{"Est. reading time":"5 minutes"},"schema":{"@context":"https:\/\/schema.org","@graph":[{"@type":"WebPage","@id":"https:\/\/www.atlanticacoffee.com\/en\/faqs\/","url":"https:\/\/www.atlanticacoffee.com\/en\/faqs\/","name":"FAQ's - Atlantica Coffee","isPartOf":{"@id":"https:\/\/www.atlanticacoffee.com\/en\/#website"},"datePublished":"2025-04-07T18:15:46+00:00","dateModified":"2025-08-13T14:50:30+00:00","breadcrumb":{"@id":"https:\/\/www.atlanticacoffee.com\/en\/faqs\/#breadcrumb"},"inLanguage":"en-US","potentialAction":[{"@type":"ReadAction","target":["https:\/\/www.atlanticacoffee.com\/en\/faqs\/"]}]},{"@type":"BreadcrumbList","@id":"https:\/\/www.atlanticacoffee.com\/en\/faqs\/#breadcrumb","itemListElement":[{"@type":"ListItem","position":1,"name":"Home","item":"https:\/\/www.atlanticacoffee.com\/en\/"},{"@type":"ListItem","position":2,"name":"FAQ&#8217;s"}]},{"@type":"WebSite","@id":"https:\/\/www.atlanticacoffee.com\/en\/#website","url":"https:\/\/www.atlanticacoffee.com\/en\/","name":"Atlantica Coffee","description":"","potentialAction":[{"@type":"SearchAction","target":{"@type":"EntryPoint","urlTemplate":"https:\/\/www.atlanticacoffee.com\/en\/?s={search_term_string}"},"query-input":{"@type":"PropertyValueSpecification","valueRequired":true,"valueName":"search_term_string"}}],"inLanguage":"en-US"}]}},"_links":{"self":[{"href":"https:\/\/www.atlanticacoffee.com\/en\/wp-json\/wp\/v2\/pages\/9291","targetHints":{"allow":["GET"]}}],"collection":[{"href":"https:\/\/www.atlanticacoffee.com\/en\/wp-json\/wp\/v2\/pages"}],"about":[{"href":"https:\/\/www.atlanticacoffee.com\/en\/wp-json\/wp\/v2\/types\/page"}],"author":[{"embeddable":true,"href":"https:\/\/www.atlanticacoffee.com\/en\/wp-json\/wp\/v2\/users\/3"}],"replies":[{"embeddable":true,"href":"https:\/\/www.atlanticacoffee.com\/en\/wp-json\/wp\/v2\/comments?post=9291"}],"version-history":[{"count":2,"href":"https:\/\/www.atlanticacoffee.com\/en\/wp-json\/wp\/v2\/pages\/9291\/revisions"}],"predecessor-version":[{"id":9293,"href":"https:\/\/www.atlanticacoffee.com\/en\/wp-json\/wp\/v2\/pages\/9291\/revisions\/9293"}],"wp:attachment":[{"href":"https:\/\/www.atlanticacoffee.com\/en\/wp-json\/wp\/v2\/media?parent=9291"}],"curies":[{"name":"wp","href":"https:\/\/api.w.org\/{rel}","templated":true}]}}